{"id":26587,"date":"2021-02-16T19:39:52","date_gmt":"2021-02-16T19:39:52","guid":{"rendered":"https:\/\/mellowmove.com\/imprint\/"},"modified":"2025-01-05T00:18:54","modified_gmt":"2025-01-05T00:18:54","slug":"imprint","status":"publish","type":"page","link":"https:\/\/mellowmove.com\/en\/imprint\/","title":{"rendered":"Imprint"},"content":{"rendered":"\t\t<div data-elementor-type=\"wp-page\" data-elementor-id=\"26587\" class=\"elementor elementor-26587 elementor-3461\" data-elementor-post-type=\"page\">\n\t\t\t\t\t\t<section class=\"elementor-section elementor-top-section elementor-element elementor-element-37f3eac elementor-section-boxed elementor-section-height-default elementor-section-height-default\" data-id=\"37f3eac\" data-element_type=\"section\" data-e-type=\"section\" data-settings=\"{&quot;background_background&quot;:&quot;classic&quot;}\">\n\t\t\t\t\t\t<div class=\"elementor-container elementor-column-gap-default\">\n\t\t\t\t\t<div class=\"elementor-column elementor-col-100 elementor-top-column elementor-element elementor-element-2964fa8\" data-id=\"2964fa8\" data-element_type=\"column\" data-e-type=\"column\" data-settings=\"{&quot;background_background&quot;:&quot;classic&quot;}\">\n\t\t\t<div class=\"elementor-widget-wrap elementor-element-populated\">\n\t\t\t\t\t\t<div class=\"elementor-element elementor-element-78a304c elementor-widget elementor-widget-heading\" data-id=\"78a304c\" data-element_type=\"widget\" data-e-type=\"widget\" data-widget_type=\"heading.default\">\n\t\t\t\t<div class=\"elementor-widget-container\">\n\t\t\t\t\t<h1 class=\"elementor-heading-title elementor-size-default\">Imprint<\/h1>\t\t\t\t<\/div>\n\t\t\t\t<\/div>\n\t\t\t\t<div class=\"elementor-element elementor-element-2e1f3ef elementor-widget elementor-widget-heading\" data-id=\"2e1f3ef\" data-element_type=\"widget\" data-e-type=\"widget\" data-widget_type=\"heading.default\">\n\t\t\t\t<div class=\"elementor-widget-container\">\n\t\t\t\t\t<h3 class=\"elementor-heading-title elementor-size-default\">INFORMATION PURSUANT TO \u00a7 5 ECG:<\/h3>\t\t\t\t<\/div>\n\t\t\t\t<\/div>\n\t\t\t\t\t<\/div>\n\t\t<\/div>\n\t\t\t\t\t<\/div>\n\t\t<\/section>\n\t\t\t\t<section class=\"elementor-section elementor-top-section elementor-element elementor-element-28e5c08 elementor-section-boxed elementor-section-height-default elementor-section-height-default\" data-id=\"28e5c08\" data-element_type=\"section\" data-e-type=\"section\" data-settings=\"{&quot;background_background&quot;:&quot;classic&quot;}\">\n\t\t\t\t\t\t<div class=\"elementor-container elementor-column-gap-default\">\n\t\t\t\t\t<div class=\"elementor-column elementor-col-100 elementor-top-column elementor-element elementor-element-07f94c4\" data-id=\"07f94c4\" data-element_type=\"column\" data-e-type=\"column\">\n\t\t\t<div class=\"elementor-widget-wrap elementor-element-populated\">\n\t\t\t\t\t\t<div class=\"elementor-element elementor-element-42b47cd elementor-widget elementor-widget-heading\" data-id=\"42b47cd\" data-element_type=\"widget\" data-e-type=\"widget\" data-widget_type=\"heading.default\">\n\t\t\t\t<div class=\"elementor-widget-container\">\n\t\t\t\t\t<h2 class=\"elementor-heading-title elementor-size-default\">Responsible for the content of this website:<\/h2>\t\t\t\t<\/div>\n\t\t\t\t<\/div>\n\t\t\t\t<div class=\"elementor-element elementor-element-645cb04 elementor-widget elementor-widget-text-editor\" data-id=\"645cb04\" data-element_type=\"widget\" data-e-type=\"widget\" data-widget_type=\"text-editor.default\">\n\t\t\t\t<div class=\"elementor-widget-container\">\n\t\t\t\t\t\t\t\t\t<div class=\"fusion-text\"><p class=\"avtext\">Mellowmove Austria &#8211; Gregor Praher<\/p><p class=\"avtext\">Kienastgasse 6\/4, 3390 Melk &#8211; Austria<\/p><p class=\"avtext\">Mail: <span \n                data-original-string='XEsr9b++jZUAkxaWgOIqFw==469W5JqMA0b9FmiDimPpaztyu8xIF7HzDimD5K9kPzjUwU='\n                class='apbct-email-encoder'\n                title='This contact has been encoded by Anti-Spam by CleanTalk. Click to decode. To finish the decoding make sure that JavaScript is enabled in your browser.'>su<span class=\"apbct-blur\">**<\/span>@<span class=\"apbct-blur\">********<\/span>ve.com<\/span><\/p><p class=\"avtext\">UID NO.: ATU68049015<\/p><\/div>\t\t\t\t\t\t\t\t<\/div>\n\t\t\t\t<\/div>\n\t\t\t\t<div class=\"elementor-element elementor-element-aae3026 elementor-widget elementor-widget-heading\" data-id=\"aae3026\" data-element_type=\"widget\" data-e-type=\"widget\" data-widget_type=\"heading.default\">\n\t\t\t\t<div class=\"elementor-widget-container\">\n\t\t\t\t\t<h2 class=\"elementor-heading-title elementor-size-default\">Photos<\/h2>\t\t\t\t<\/div>\n\t\t\t\t<\/div>\n\t\t\t\t<div class=\"elementor-element elementor-element-b3588b8 elementor-widget elementor-widget-text-editor\" data-id=\"b3588b8\" data-element_type=\"widget\" data-e-type=\"widget\" data-widget_type=\"text-editor.default\">\n\t\t\t\t<div class=\"elementor-widget-container\">\n\t\t\t\t\t\t\t\t\t<p><a href=\"https:\/\/mellemsea.com\/\" target=\"_blank\" rel=\"noopener\">Mellemsea<\/a> \/ <a href=\"https:\/\/rodrigocardoso.net\/\" target=\"_blank\" rel=\"noopener\">Rodrigo Cardoso <\/a>\/ <a href=\"https:\/\/www.alexpapis.com\/\" target=\"_blank\" rel=\"noopener\">Alex Papis<\/a> \/ <a href=\"https:\/\/www.instagram.com\/carolin_adam_\/\" target=\"_blank\" rel=\"noopener\">Carolin Adam<\/a> \/ <a href=\"https:\/\/www.instagram.com\/shifty.peaks\/\" target=\"_blank\" rel=\"noopener\">Julian Schupp<\/a> \/ <a href=\"https:\/\/mellowmove.com\/en\/\">Mellowmove<\/a><\/p>\t\t\t\t\t\t\t\t<\/div>\n\t\t\t\t<\/div>\n\t\t\t\t<div class=\"elementor-element elementor-element-4129aff elementor-widget elementor-widget-heading\" data-id=\"4129aff\" data-element_type=\"widget\" data-e-type=\"widget\" data-widget_type=\"heading.default\">\n\t\t\t\t<div class=\"elementor-widget-container\">\n\t\t\t\t\t<h2 class=\"elementor-heading-title elementor-size-default\">Technical consulting<\/h2>\t\t\t\t<\/div>\n\t\t\t\t<\/div>\n\t\t\t\t<div class=\"elementor-element elementor-element-828e170 elementor-widget elementor-widget-text-editor\" data-id=\"828e170\" data-element_type=\"widget\" data-e-type=\"widget\" data-widget_type=\"text-editor.default\">\n\t\t\t\t<div class=\"elementor-widget-container\">\n\t\t\t\t\t\t\t\t\t<p>Dieter Willinger &#8211; <a href=\"http:\/\/www.willinger.cc\" target=\"_blank\" rel=\"noopener\">Web, Apps and more<\/a><\/p>\n\t\t\t\t\t\t\t\t<\/div>\n\t\t\t\t<\/div>\n\t\t\t\t\t<\/div>\n\t\t<\/div>\n\t\t\t\t\t<\/div>\n\t\t<\/section>\n\t\t\t\t<section class=\"elementor-section elementor-top-section elementor-element elementor-element-3342951 elementor-section-boxed elementor-section-height-default elementor-section-height-default\" data-id=\"3342951\" data-element_type=\"section\" data-e-type=\"section\" data-settings=\"{&quot;background_background&quot;:&quot;classic&quot;}\">\n\t\t\t\t\t\t<div class=\"elementor-container elementor-column-gap-default\">\n\t\t\t\t\t<div class=\"elementor-column elementor-col-100 elementor-top-column elementor-element elementor-element-ade88a6\" data-id=\"ade88a6\" data-element_type=\"column\" data-e-type=\"column\">\n\t\t\t<div class=\"elementor-widget-wrap elementor-element-populated\">\n\t\t\t\t\t\t<div class=\"elementor-element elementor-element-8618883 elementor-widget elementor-widget-heading\" data-id=\"8618883\" data-element_type=\"widget\" data-e-type=\"widget\" data-widget_type=\"heading.default\">\n\t\t\t\t<div class=\"elementor-widget-container\">\n\t\t\t\t\t<h2 class=\"elementor-heading-title elementor-size-default\">Organizer \/ service provider of the respective services offered:<\/h2>\t\t\t\t<\/div>\n\t\t\t\t<\/div>\n\t\t\t\t<div class=\"elementor-element elementor-element-7f67745 elementor-widget elementor-widget-heading\" data-id=\"7f67745\" data-element_type=\"widget\" data-e-type=\"widget\" data-widget_type=\"heading.default\">\n\t\t\t\t<div class=\"elementor-widget-container\">\n\t\t\t\t\t<h2 class=\"elementor-heading-title elementor-size-default\">Portugal<\/h2>\t\t\t\t<\/div>\n\t\t\t\t<\/div>\n\t\t\t\t<div class=\"elementor-element elementor-element-e02b421 elementor-widget elementor-widget-text-editor\" data-id=\"e02b421\" data-element_type=\"widget\" data-e-type=\"widget\" data-widget_type=\"text-editor.default\">\n\t\t\t\t<div class=\"elementor-widget-container\">\n\t\t\t\t\t\t\t\t\t<p>Mellowmove LDA, Rua Principal 4, Casais de S\u00e3o Louren\u00e7o, 2640-206 Encarna\u00e7\u00e3o-Mafra, Portugal<\/p>\n\t\t\t\t\t\t\t\t<\/div>\n\t\t\t\t<\/div>\n\t\t\t\t<div class=\"elementor-element elementor-element-d6bcdf2 elementor-widget elementor-widget-text-editor\" data-id=\"d6bcdf2\" data-element_type=\"widget\" data-e-type=\"widget\" data-widget_type=\"text-editor.default\">\n\t\t\t\t<div class=\"elementor-widget-container\">\n\t\t\t\t\t\t\t\t\t<p>NIF: 509063489 &#8211; 141119\/AL &#8211;\u00a0 RNAAT: 203\/2014 &#8211; <span style=\"text-decoration: underline;\"><a href=\"https:\/\/www.livroreclamacoes.pt\/Inicio\/\" target=\"_blank\" rel=\"noopener\">Livro de Reclama\u00e7\u00f5es<\/a><br \/><\/span><\/p><p>\u00a0<\/p>\t\t\t\t\t\t\t\t<\/div>\n\t\t\t\t<\/div>\n\t\t\t\t<div class=\"elementor-element elementor-element-19d62d4 elementor-widget elementor-widget-heading\" data-id=\"19d62d4\" data-element_type=\"widget\" data-e-type=\"widget\" data-widget_type=\"heading.default\">\n\t\t\t\t<div class=\"elementor-widget-container\">\n\t\t\t\t\t<h2 class=\"elementor-heading-title elementor-size-default\">Fuerteventura<\/h2>\t\t\t\t<\/div>\n\t\t\t\t<\/div>\n\t\t\t\t<div class=\"elementor-element elementor-element-d77568f elementor-widget elementor-widget-text-editor\" data-id=\"d77568f\" data-element_type=\"widget\" data-e-type=\"widget\" data-widget_type=\"text-editor.default\">\n\t\t\t\t<div class=\"elementor-widget-container\">\n\t\t\t\t\t\t\t\t\t<p>Ineika Funcenter &#8211; Siegfried Opitz, Calle Bahia 2, 35660 Corralejo, Fuerteventura, Espana<\/p>\n\t\t\t\t\t\t\t\t<\/div>\n\t\t\t\t<\/div>\n\t\t\t\t<div class=\"elementor-element elementor-element-15610ed elementor-widget elementor-widget-heading\" data-id=\"15610ed\" data-element_type=\"widget\" data-e-type=\"widget\" data-widget_type=\"heading.default\">\n\t\t\t\t<div class=\"elementor-widget-container\">\n\t\t\t\t\t<h2 class=\"elementor-heading-title elementor-size-default\">Brazil<\/h2>\t\t\t\t<\/div>\n\t\t\t\t<\/div>\n\t\t\t\t<div class=\"elementor-element elementor-element-4dddecd elementor-widget elementor-widget-text-editor\" data-id=\"4dddecd\" data-element_type=\"widget\" data-e-type=\"widget\" data-widget_type=\"text-editor.default\">\n\t\t\t\t<div class=\"elementor-widget-container\">\n\t\t\t\t\t\t\t\t\t<p>Busca Vida Agencia de Viagem e Turismo Ltda &#8211; Beto Dias, BA099 KM08, Cond. Busca Vida 42C, Abrantes Bahia, Brasil<\/p>\n\t\t\t\t\t\t\t\t<\/div>\n\t\t\t\t<\/div>\n\t\t\t\t<div class=\"elementor-element elementor-element-c9192a8 elementor-widget elementor-widget-heading\" data-id=\"c9192a8\" data-element_type=\"widget\" data-e-type=\"widget\" data-widget_type=\"heading.default\">\n\t\t\t\t<div class=\"elementor-widget-container\">\n\t\t\t\t\t<h2 class=\"elementor-heading-title elementor-size-default\">Web presence, promotion, mediation<\/h2>\t\t\t\t<\/div>\n\t\t\t\t<\/div>\n\t\t\t\t<div class=\"elementor-element elementor-element-9323704 elementor-widget elementor-widget-text-editor\" data-id=\"9323704\" data-element_type=\"widget\" data-e-type=\"widget\" data-widget_type=\"text-editor.default\">\n\t\t\t\t<div class=\"elementor-widget-container\">\n\t\t\t\t\t\t\t\t\t<p>Mellowmove Austria &#8211; Gregor Praher, Josef B\u00f6ck Stra\u00dfe 2\/8\/9, A &#8211; 3390 Melk, Austria, UID: ATU68049015<\/p>\n\t\t\t\t\t\t\t\t<\/div>\n\t\t\t\t<\/div>\n\t\t\t\t\t<\/div>\n\t\t<\/div>\n\t\t\t\t\t<\/div>\n\t\t<\/section>\n\t\t\t\t<section class=\"elementor-section elementor-top-section elementor-element elementor-element-41f0d40 elementor-section-boxed elementor-section-height-default elementor-section-height-default\" data-id=\"41f0d40\" data-element_type=\"section\" data-e-type=\"section\">\n\t\t\t\t\t\t<div class=\"elementor-container elementor-column-gap-default\">\n\t\t\t\t\t<div class=\"elementor-column elementor-col-100 elementor-top-column elementor-element elementor-element-39b9a7e\" data-id=\"39b9a7e\" data-element_type=\"column\" data-e-type=\"column\">\n\t\t\t<div class=\"elementor-widget-wrap elementor-element-populated\">\n\t\t\t\t\t\t<div class=\"elementor-element elementor-element-9fcd91c elementor-widget elementor-widget-heading\" data-id=\"9fcd91c\" data-element_type=\"widget\" data-e-type=\"widget\" data-widget_type=\"heading.default\">\n\t\t\t\t<div class=\"elementor-widget-container\">\n\t\t\t\t\t<h2 class=\"elementor-heading-title elementor-size-default\">Content of the online offer<\/h2>\t\t\t\t<\/div>\n\t\t\t\t<\/div>\n\t\t\t\t<div class=\"elementor-element elementor-element-68a3fb9 elementor-widget elementor-widget-text-editor\" data-id=\"68a3fb9\" data-element_type=\"widget\" data-e-type=\"widget\" data-widget_type=\"text-editor.default\">\n\t\t\t\t<div class=\"elementor-widget-container\">\n\t\t\t\t\t\t\t\t\t<p>The author assumes no responsibility for the topicality, correctness, completeness or quality of the information provided. Liability claims against the author, which refer to material or immaterial nature caused by use or disuse of the information or the use of incorrect or incomplete information are excluded, unless the author is not intentional or grossly negligent fault. All offers are subject to change and non-binding. The author expressly reserves the right to change, supplement or delete parts of the pages or the entire offer without prior notice or to cease publication temporarily or permanently.<\/p>\n\t\t\t\t\t\t\t\t<\/div>\n\t\t\t\t<\/div>\n\t\t\t\t<div class=\"elementor-element elementor-element-eff9a52 elementor-widget elementor-widget-heading\" data-id=\"eff9a52\" data-element_type=\"widget\" data-e-type=\"widget\" data-widget_type=\"heading.default\">\n\t\t\t\t<div class=\"elementor-widget-container\">\n\t\t\t\t\t<h2 class=\"elementor-heading-title elementor-size-default\">References and links<\/h2>\t\t\t\t<\/div>\n\t\t\t\t<\/div>\n\t\t\t\t<div class=\"elementor-element elementor-element-a618ea0 elementor-widget elementor-widget-text-editor\" data-id=\"a618ea0\" data-element_type=\"widget\" data-e-type=\"widget\" data-widget_type=\"text-editor.default\">\n\t\t\t\t<div class=\"elementor-widget-container\">\n\t\t\t\t\t\t\t\t\t<p>The author is not responsible for any contents linked or referred to from his pages &#8211; unless he has full knowledge of illegal contents and would be able to prevent the visitors of his site fromviewing those pages. The author hereby expressly declares that at the time the links were created, no illegal content was identifiable on the linked pages. The author has no influence on the current and future design, content or authorship of the linked pages. Therefore, he hereby expressly distances himself from all contents of all linked pages that were changed after the link was set. This statement applies to all links and references set within the author&#8217;s own Internet offer as well as to external entries in guest books, discussion forums and mailing lists set up by the author. For illegal, incorrect or incomplete contents and especially for damages resulting from the use or non-use of such information, only the provider of the linked page is liable, not the one who has linked to the respective publication.<\/p>\n\t\t\t\t\t\t\t\t<\/div>\n\t\t\t\t<\/div>\n\t\t\t\t\t<\/div>\n\t\t<\/div>\n\t\t\t\t\t<\/div>\n\t\t<\/section>\n\t\t\t\t<\/div>\n\t\t","protected":false},"excerpt":{"rendered":"<p>Imprint INFORMATION PURSUANT TO \u00a7 5 ECG: Responsible for the content of this website: Mellowmove Austria &#8211; Gregor Praher Kienastgasse 6\/4, 3390 Melk &#8211; Austria Mail: su**@********ve.com UID NO.: ATU68049015 Photos Mellemsea \/ Rodrigo Cardoso \/ Alex Papis \/ Carolin Adam \/ Julian Schupp \/ Mellowmove Technical consulting Dieter Willinger &#8211; Web, Apps and more [&hellip;]<\/p>\n","protected":false},"author":1,"featured_media":0,"parent":0,"menu_order":0,"comment_status":"closed","ping_status":"closed","template":"","meta":{"site-sidebar-layout":"no-sidebar","site-content-layout":"page-builder","ast-site-content-layout":"default","site-content-style":"default","site-sidebar-style":"default","ast-global-header-display":"","ast-banner-title-visibility":"","ast-main-header-display":"","ast-hfb-above-header-display":"","ast-hfb-below-header-display":"","ast-hfb-mobile-header-display":"","site-post-title":"disabled","ast-breadcrumbs-content":"","ast-featured-img":"disabled","footer-sml-layout":"","ast-disable-related-posts":"","theme-transparent-header-meta":"default","adv-header-id-meta":"","stick-header-meta":"default","header-above-stick-meta":"","header-main-stick-meta":"","header-below-stick-meta":"","astra-migrate-meta-layouts":"default","ast-page-background-enabled":"default","ast-page-background-meta":{"desktop":{"background-color":"","background-image":"","background-repeat":"repeat","background-position":"center center","background-size":"auto","background-attachment":"scroll","background-type":"","background-media":"","overlay-type":"","overlay-color":"","overlay-opacity":"","overlay-gradient":""},"tablet":{"background-color":"","background-image":"","background-repeat":"repeat","background-position":"center center","background-size":"auto","background-attachment":"scroll","background-type":"","background-media":"","overlay-type":"","overlay-color":"","overlay-opacity":"","overlay-gradient":""},"mobile":{"background-color":"","background-image":"","background-repeat":"repeat","background-position":"center center","background-size":"auto","background-attachment":"scroll","background-type":"","background-media":"","overlay-type":"","overlay-color":"","overlay-opacity":"","overlay-gradient":""}},"ast-content-background-meta":{"desktop":{"background-color":"var(--ast-global-color-5)","background-image":"","background-repeat":"repeat","background-position":"center center","background-size":"auto","background-attachment":"scroll","background-type":"","background-media":"","overlay-type":"","overlay-color":"","overlay-opacity":"","overlay-gradient":""},"tablet":{"background-color":"var(--ast-global-color-5)","background-image":"","background-repeat":"repeat","background-position":"center center","background-size":"auto","background-attachment":"scroll","background-type":"","background-media":"","overlay-type":"","overlay-color":"","overlay-opacity":"","overlay-gradient":""},"mobile":{"background-color":"var(--ast-global-color-5)","background-image":"","background-repeat":"repeat","background-position":"center center","background-size":"auto","background-attachment":"scroll","background-type":"","background-media":"","overlay-type":"","overlay-color":"","overlay-opacity":"","overlay-gradient":""}},"footnotes":""},"class_list":["post-26587","page","type-page","status-publish","hentry"],"_links":{"self":[{"href":"https:\/\/mellowmove.com\/en\/wp-json\/wp\/v2\/pages\/26587","targetHints":{"allow":["GET"]}}],"collection":[{"href":"https:\/\/mellowmove.com\/en\/wp-json\/wp\/v2\/pages"}],"about":[{"href":"https:\/\/mellowmove.com\/en\/wp-json\/wp\/v2\/types\/page"}],"author":[{"embeddable":true,"href":"https:\/\/mellowmove.com\/en\/wp-json\/wp\/v2\/users\/1"}],"replies":[{"embeddable":true,"href":"https:\/\/mellowmove.com\/en\/wp-json\/wp\/v2\/comments?post=26587"}],"version-history":[{"count":0,"href":"https:\/\/mellowmove.com\/en\/wp-json\/wp\/v2\/pages\/26587\/revisions"}],"wp:attachment":[{"href":"https:\/\/mellowmove.com\/en\/wp-json\/wp\/v2\/media?parent=26587"}],"curies":[{"name":"wp","href":"https:\/\/api.w.org\/{rel}","templated":true}]}}